{"id":40,"date":"2023-11-03T06:00:30","date_gmt":"2023-11-03T06:00:30","guid":{"rendered":"https:\/\/wp1.themevibrant.com\/newwp\/wellson\/?page_id=40"},"modified":"2025-01-06T03:33:50","modified_gmt":"2025-01-06T03:33:50","slug":"sobre-nosotros","status":"publish","type":"page","link":"https:\/\/bieca.com.co\/?page_id=40","title":{"rendered":"Sobre Nosotros"},"content":{"rendered":"\t\t<div data-elementor-type=\"wp-page\" data-elementor-id=\"40\" class=\"elementor elementor-40\">\n\t\t\t\t<div class=\"elementor-element elementor-element-fe55627 e-flex e-con-boxed e-con e-parent\" data-id=\"fe55627\" data-element_type=\"container\" data-settings=\"{&quot;background_background&quot;:&quot;classic&quot;}\">\n\t\t\t\t\t<div class=\"e-con-inner\">\n\t\t<div class=\"elementor-element elementor-element-d88da2b e-con-full e-flex e-con e-child\" data-id=\"d88da2b\" data-element_type=\"container\">\n\t\t\t\t<div class=\"elementor-element elementor-element-bdfe393 elementor-widget elementor-widget-wellson_float_image\" data-id=\"bdfe393\" data-element_type=\"widget\" data-settings=\"{&quot;wellson_layout_margin&quot;:{&quot;unit&quot;:&quot;px&quot;,&quot;top&quot;:&quot;&quot;,&quot;right&quot;:&quot;&quot;,&quot;bottom&quot;:&quot;&quot;,&quot;left&quot;:&quot;&quot;,&quot;isLinked&quot;:true},&quot;wellson_layout_margin_tablet&quot;:{&quot;unit&quot;:&quot;px&quot;,&quot;top&quot;:&quot;&quot;,&quot;right&quot;:&quot;&quot;,&quot;bottom&quot;:&quot;&quot;,&quot;left&quot;:&quot;&quot;,&quot;isLinked&quot;:true},&quot;wellson_layout_margin_mobile&quot;:{&quot;unit&quot;:&quot;px&quot;,&quot;top&quot;:&quot;&quot;,&quot;right&quot;:&quot;&quot;,&quot;bottom&quot;:&quot;&quot;,&quot;left&quot;:&quot;&quot;,&quot;isLinked&quot;:true},&quot;wellson_layout_padding&quot;:{&quot;unit&quot;:&quot;px&quot;,&quot;top&quot;:&quot;&quot;,&quot;right&quot;:&quot;&quot;,&quot;bottom&quot;:&quot;&quot;,&quot;left&quot;:&quot;&quot;,&quot;isLinked&quot;:true},&quot;wellson_layout_padding_tablet&quot;:{&quot;unit&quot;:&quot;px&quot;,&quot;top&quot;:&quot;&quot;,&quot;right&quot;:&quot;&quot;,&quot;bottom&quot;:&quot;&quot;,&quot;left&quot;:&quot;&quot;,&quot;isLinked&quot;:true},&quot;wellson_layout_padding_mobile&quot;:{&quot;unit&quot;:&quot;px&quot;,&quot;top&quot;:&quot;&quot;,&quot;right&quot;:&quot;&quot;,&quot;bottom&quot;:&quot;&quot;,&quot;left&quot;:&quot;&quot;,&quot;isLinked&quot;:true}}\" data-widget_type=\"wellson_float_image.default\">\n\t\t\t\t<div class=\"elementor-widget-container\">\n\t\t\t\t\t    \n        \n    <div class=\"about-style-two about-page-one p-0 m-0\">\n        <div class=\"image-column\">            \n            <div class=\"image-box\">\n            \t            \t<figure class=\"image\"><img decoding=\"async\" src=\"https:\/\/bieca.com.co\/wp-content\/uploads\/2023\/11\/about-14.jpg\" alt=\"Awesome Image\"><\/figure>            \n            \t\t\t\t\t                <div class=\"text float-image-box\">\n                    <h2 class=\"float-image-counter\">5<\/h2>                    <p class=\"te-about-bn-title\">A\u00f1os de experiencia<\/p>                <\/div>\n                            <\/div>\n        <\/div>\n    <\/div>\n    \n\t    \t\t\t\t<\/div>\n\t\t\t\t<\/div>\n\t\t\t\t<\/div>\n\t\t<div class=\"elementor-element elementor-element-51766a6 e-con-full e-flex e-con e-child\" data-id=\"51766a6\" data-element_type=\"container\">\n\t\t\t\t<div class=\"elementor-element elementor-element-e54f421 elementor-widget elementor-widget-wellson_hero_title\" data-id=\"e54f421\" data-element_type=\"widget\" data-widget_type=\"wellson_hero_title.default\">\n\t\t\t\t<div class=\"elementor-widget-container\">\n\t\t\t\t\t    \n\t    \n    <div class=\"sec-title wellson-title-wrap\">\n        \t\t<span class=\"sub-title te-bn-subtitle\">\u00bfQuienes somos?<\/span>                \t\t<h2 class=\"te-bn-title wellson-size-default\">Servicios de salud y cuidado integral<\/h2>        \t\t        <div class=\"te-bn-text\">\n            <p><p>Ofrecemos servicios de salud y cuidado integral, incluyendo cuidado en casa, hospitalario, acompa\u00f1amiento psicosocial, proyectos sociales, acompa\u00f1amiento a poblaciones vulnerables y salud mental. Nuestro enfoque se centra en proporcionar soluciones personalizadas y de alta calidad que mejoran el bienestar individual y comunitario.\u00a0<\/p><\/p>\n        <\/div>\n            <\/div>\n        \n        \t\t\t\t<\/div>\n\t\t\t\t<\/div>\n\t\t\t\t<div class=\"elementor-element elementor-element-4555e9e elementor-widget elementor-widget-wellson_hero_title\" data-id=\"4555e9e\" data-element_type=\"widget\" data-widget_type=\"wellson_hero_title.default\">\n\t\t\t\t<div class=\"elementor-widget-container\">\n\t\t\t\t\t    \n\t    \n    <div class=\"sec-title wellson-title-wrap\">\n                \t\t        <div class=\"te-bn-text\">\n            <p><p>Trabajamos con pasi\u00f3n y dedicaci\u00f3n para asegurar que cada cliente reciba el apoyo necesario, promoviendo un impacto positivo y sostenible en nuestras comunidades.<\/p><\/p>\n        <\/div>\n            <\/div>\n        \n        \t\t\t\t<\/div>\n\t\t\t\t<\/div>\n\t\t<div class=\"elementor-element elementor-element-37fec12 e-flex e-con-boxed e-con e-child\" data-id=\"37fec12\" data-element_type=\"container\">\n\t\t\t\t\t<div class=\"e-con-inner\">\n\t\t\t\t<div class=\"elementor-element elementor-element-b9234d9 elementor-widget__width-initial elementor-widget elementor-widget-wellson_icon_box\" data-id=\"b9234d9\" data-element_type=\"widget\" data-settings=\"{&quot;block_title_margin&quot;:{&quot;unit&quot;:&quot;px&quot;,&quot;top&quot;:&quot;0&quot;,&quot;right&quot;:&quot;0&quot;,&quot;bottom&quot;:&quot;0&quot;,&quot;left&quot;:&quot;0&quot;,&quot;isLinked&quot;:true},&quot;block_title_padding&quot;:{&quot;unit&quot;:&quot;px&quot;,&quot;top&quot;:&quot;0&quot;,&quot;right&quot;:&quot;0&quot;,&quot;bottom&quot;:&quot;0&quot;,&quot;left&quot;:&quot;0&quot;,&quot;isLinked&quot;:true},&quot;wellson_layout_margin_mobile&quot;:{&quot;unit&quot;:&quot;px&quot;,&quot;top&quot;:&quot;0&quot;,&quot;right&quot;:&quot;0&quot;,&quot;bottom&quot;:&quot;20&quot;,&quot;left&quot;:&quot;0&quot;,&quot;isLinked&quot;:false},&quot;wellson_layout_margin&quot;:{&quot;unit&quot;:&quot;px&quot;,&quot;top&quot;:&quot;&quot;,&quot;right&quot;:&quot;&quot;,&quot;bottom&quot;:&quot;&quot;,&quot;left&quot;:&quot;&quot;,&quot;isLinked&quot;:true},&quot;wellson_layout_margin_tablet&quot;:{&quot;unit&quot;:&quot;px&quot;,&quot;top&quot;:&quot;&quot;,&quot;right&quot;:&quot;&quot;,&quot;bottom&quot;:&quot;&quot;,&quot;left&quot;:&quot;&quot;,&quot;isLinked&quot;:true},&quot;wellson_layout_padding&quot;:{&quot;unit&quot;:&quot;px&quot;,&quot;top&quot;:&quot;&quot;,&quot;right&quot;:&quot;&quot;,&quot;bottom&quot;:&quot;&quot;,&quot;left&quot;:&quot;&quot;,&quot;isLinked&quot;:true},&quot;wellson_layout_padding_tablet&quot;:{&quot;unit&quot;:&quot;px&quot;,&quot;top&quot;:&quot;&quot;,&quot;right&quot;:&quot;&quot;,&quot;bottom&quot;:&quot;&quot;,&quot;left&quot;:&quot;&quot;,&quot;isLinked&quot;:true},&quot;wellson_layout_padding_mobile&quot;:{&quot;unit&quot;:&quot;px&quot;,&quot;top&quot;:&quot;&quot;,&quot;right&quot;:&quot;&quot;,&quot;bottom&quot;:&quot;&quot;,&quot;left&quot;:&quot;&quot;,&quot;isLinked&quot;:true},&quot;block_title_margin_tablet&quot;:{&quot;unit&quot;:&quot;px&quot;,&quot;top&quot;:&quot;&quot;,&quot;right&quot;:&quot;&quot;,&quot;bottom&quot;:&quot;&quot;,&quot;left&quot;:&quot;&quot;,&quot;isLinked&quot;:true},&quot;block_title_margin_mobile&quot;:{&quot;unit&quot;:&quot;px&quot;,&quot;top&quot;:&quot;&quot;,&quot;right&quot;:&quot;&quot;,&quot;bottom&quot;:&quot;&quot;,&quot;left&quot;:&quot;&quot;,&quot;isLinked&quot;:true},&quot;block_title_padding_tablet&quot;:{&quot;unit&quot;:&quot;px&quot;,&quot;top&quot;:&quot;&quot;,&quot;right&quot;:&quot;&quot;,&quot;bottom&quot;:&quot;&quot;,&quot;left&quot;:&quot;&quot;,&quot;isLinked&quot;:true},&quot;block_title_padding_mobile&quot;:{&quot;unit&quot;:&quot;px&quot;,&quot;top&quot;:&quot;&quot;,&quot;right&quot;:&quot;&quot;,&quot;bottom&quot;:&quot;&quot;,&quot;left&quot;:&quot;&quot;,&quot;isLinked&quot;:true},&quot;icon_box_space&quot;:{&quot;unit&quot;:&quot;px&quot;,&quot;top&quot;:&quot;&quot;,&quot;right&quot;:&quot;&quot;,&quot;bottom&quot;:&quot;&quot;,&quot;left&quot;:&quot;&quot;,&quot;isLinked&quot;:true},&quot;icon_box_space_tablet&quot;:{&quot;unit&quot;:&quot;px&quot;,&quot;top&quot;:&quot;&quot;,&quot;right&quot;:&quot;&quot;,&quot;bottom&quot;:&quot;&quot;,&quot;left&quot;:&quot;&quot;,&quot;isLinked&quot;:true},&quot;icon_box_space_mobile&quot;:{&quot;unit&quot;:&quot;px&quot;,&quot;top&quot;:&quot;&quot;,&quot;right&quot;:&quot;&quot;,&quot;bottom&quot;:&quot;&quot;,&quot;left&quot;:&quot;&quot;,&quot;isLinked&quot;:true},&quot;icon_box_padding&quot;:{&quot;unit&quot;:&quot;px&quot;,&quot;top&quot;:&quot;&quot;,&quot;right&quot;:&quot;&quot;,&quot;bottom&quot;:&quot;&quot;,&quot;left&quot;:&quot;&quot;,&quot;isLinked&quot;:true},&quot;icon_box_padding_tablet&quot;:{&quot;unit&quot;:&quot;px&quot;,&quot;top&quot;:&quot;&quot;,&quot;right&quot;:&quot;&quot;,&quot;bottom&quot;:&quot;&quot;,&quot;left&quot;:&quot;&quot;,&quot;isLinked&quot;:true},&quot;icon_box_padding_mobile&quot;:{&quot;unit&quot;:&quot;px&quot;,&quot;top&quot;:&quot;&quot;,&quot;right&quot;:&quot;&quot;,&quot;bottom&quot;:&quot;&quot;,&quot;left&quot;:&quot;&quot;,&quot;isLinked&quot;:true}}\" data-widget_type=\"wellson_icon_box.default\">\n\t\t\t\t<div class=\"elementor-widget-container\">\n\t\t\t\t\t    \t\n                \n        <section class=\"about-style-two p-0 m-0\">      \n        \t<div class=\"content-box\">\n                <div class=\"inner-box\">\n                    <div class=\"single-column\">\n                        <div class=\"single-item wellson-icon-box\">\n                            <div class=\"icon-box bn-icon\"><i class=\"flaticon flaticon-elderly-2\"><\/i><\/div>\n                            <h3 class=\"wellson-title\">Garant\u00eda de seguridad y protecci\u00f3n<\/h3>                        <\/div>\n                    <\/div>\n                <\/div>\n            <\/div>\n        <\/section>\n        \n            \t\t\t\t<\/div>\n\t\t\t\t<\/div>\n\t\t\t\t<div class=\"elementor-element elementor-element-c54aba9 elementor-widget__width-initial elementor-widget elementor-widget-wellson_icon_box\" data-id=\"c54aba9\" data-element_type=\"widget\" data-settings=\"{&quot;wellson_layout_margin&quot;:{&quot;unit&quot;:&quot;px&quot;,&quot;top&quot;:&quot;&quot;,&quot;right&quot;:&quot;&quot;,&quot;bottom&quot;:&quot;&quot;,&quot;left&quot;:&quot;&quot;,&quot;isLinked&quot;:true},&quot;wellson_layout_margin_tablet&quot;:{&quot;unit&quot;:&quot;px&quot;,&quot;top&quot;:&quot;&quot;,&quot;right&quot;:&quot;&quot;,&quot;bottom&quot;:&quot;&quot;,&quot;left&quot;:&quot;&quot;,&quot;isLinked&quot;:true},&quot;wellson_layout_margin_mobile&quot;:{&quot;unit&quot;:&quot;px&quot;,&quot;top&quot;:&quot;&quot;,&quot;right&quot;:&quot;&quot;,&quot;bottom&quot;:&quot;&quot;,&quot;left&quot;:&quot;&quot;,&quot;isLinked&quot;:true},&quot;wellson_layout_padding&quot;:{&quot;unit&quot;:&quot;px&quot;,&quot;top&quot;:&quot;&quot;,&quot;right&quot;:&quot;&quot;,&quot;bottom&quot;:&quot;&quot;,&quot;left&quot;:&quot;&quot;,&quot;isLinked&quot;:true},&quot;wellson_layout_padding_tablet&quot;:{&quot;unit&quot;:&quot;px&quot;,&quot;top&quot;:&quot;&quot;,&quot;right&quot;:&quot;&quot;,&quot;bottom&quot;:&quot;&quot;,&quot;left&quot;:&quot;&quot;,&quot;isLinked&quot;:true},&quot;wellson_layout_padding_mobile&quot;:{&quot;unit&quot;:&quot;px&quot;,&quot;top&quot;:&quot;&quot;,&quot;right&quot;:&quot;&quot;,&quot;bottom&quot;:&quot;&quot;,&quot;left&quot;:&quot;&quot;,&quot;isLinked&quot;:true},&quot;block_title_margin&quot;:{&quot;unit&quot;:&quot;px&quot;,&quot;top&quot;:&quot;&quot;,&quot;right&quot;:&quot;&quot;,&quot;bottom&quot;:&quot;&quot;,&quot;left&quot;:&quot;&quot;,&quot;isLinked&quot;:true},&quot;block_title_margin_tablet&quot;:{&quot;unit&quot;:&quot;px&quot;,&quot;top&quot;:&quot;&quot;,&quot;right&quot;:&quot;&quot;,&quot;bottom&quot;:&quot;&quot;,&quot;left&quot;:&quot;&quot;,&quot;isLinked&quot;:true},&quot;block_title_margin_mobile&quot;:{&quot;unit&quot;:&quot;px&quot;,&quot;top&quot;:&quot;&quot;,&quot;right&quot;:&quot;&quot;,&quot;bottom&quot;:&quot;&quot;,&quot;left&quot;:&quot;&quot;,&quot;isLinked&quot;:true},&quot;block_title_padding&quot;:{&quot;unit&quot;:&quot;px&quot;,&quot;top&quot;:&quot;&quot;,&quot;right&quot;:&quot;&quot;,&quot;bottom&quot;:&quot;&quot;,&quot;left&quot;:&quot;&quot;,&quot;isLinked&quot;:true},&quot;block_title_padding_tablet&quot;:{&quot;unit&quot;:&quot;px&quot;,&quot;top&quot;:&quot;&quot;,&quot;right&quot;:&quot;&quot;,&quot;bottom&quot;:&quot;&quot;,&quot;left&quot;:&quot;&quot;,&quot;isLinked&quot;:true},&quot;block_title_padding_mobile&quot;:{&quot;unit&quot;:&quot;px&quot;,&quot;top&quot;:&quot;&quot;,&quot;right&quot;:&quot;&quot;,&quot;bottom&quot;:&quot;&quot;,&quot;left&quot;:&quot;&quot;,&quot;isLinked&quot;:true},&quot;icon_box_space&quot;:{&quot;unit&quot;:&quot;px&quot;,&quot;top&quot;:&quot;&quot;,&quot;right&quot;:&quot;&quot;,&quot;bottom&quot;:&quot;&quot;,&quot;left&quot;:&quot;&quot;,&quot;isLinked&quot;:true},&quot;icon_box_space_tablet&quot;:{&quot;unit&quot;:&quot;px&quot;,&quot;top&quot;:&quot;&quot;,&quot;right&quot;:&quot;&quot;,&quot;bottom&quot;:&quot;&quot;,&quot;left&quot;:&quot;&quot;,&quot;isLinked&quot;:true},&quot;icon_box_space_mobile&quot;:{&quot;unit&quot;:&quot;px&quot;,&quot;top&quot;:&quot;&quot;,&quot;right&quot;:&quot;&quot;,&quot;bottom&quot;:&quot;&quot;,&quot;left&quot;:&quot;&quot;,&quot;isLinked&quot;:true},&quot;icon_box_padding&quot;:{&quot;unit&quot;:&quot;px&quot;,&quot;top&quot;:&quot;&quot;,&quot;right&quot;:&quot;&quot;,&quot;bottom&quot;:&quot;&quot;,&quot;left&quot;:&quot;&quot;,&quot;isLinked&quot;:true},&quot;icon_box_padding_tablet&quot;:{&quot;unit&quot;:&quot;px&quot;,&quot;top&quot;:&quot;&quot;,&quot;right&quot;:&quot;&quot;,&quot;bottom&quot;:&quot;&quot;,&quot;left&quot;:&quot;&quot;,&quot;isLinked&quot;:true},&quot;icon_box_padding_mobile&quot;:{&quot;unit&quot;:&quot;px&quot;,&quot;top&quot;:&quot;&quot;,&quot;right&quot;:&quot;&quot;,&quot;bottom&quot;:&quot;&quot;,&quot;left&quot;:&quot;&quot;,&quot;isLinked&quot;:true}}\" data-widget_type=\"wellson_icon_box.default\">\n\t\t\t\t<div class=\"elementor-widget-container\">\n\t\t\t\t\t    \t\n                \n        <section class=\"about-style-two p-0 m-0\">      \n        \t<div class=\"content-box\">\n                <div class=\"inner-box\">\n                    <div class=\"single-column\">\n                        <div class=\"single-item wellson-icon-box\">\n                            <div class=\"icon-box bn-icon\"><i class=\"flaticon flaticon-old-man\"><\/i><\/div>\n                            <h3 class=\"wellson-title\">Restaurar tu estilo\nde vida<\/h3>                        <\/div>\n                    <\/div>\n                <\/div>\n            <\/div>\n        <\/section>\n        \n            \t\t\t\t<\/div>\n\t\t\t\t<\/div>\n\t\t\t\t\t<\/div>\n\t\t\t\t<\/div>\n\t\t\t\t<\/div>\n\t\t\t\t\t<\/div>\n\t\t\t\t<\/div>\n\t\t<div class=\"elementor-element elementor-element-22bc97d e-flex e-con-boxed e-con e-parent\" data-id=\"22bc97d\" data-element_type=\"container\" data-settings=\"{&quot;background_background&quot;:&quot;classic&quot;}\">\n\t\t\t\t\t<div class=\"e-con-inner\">\n\t\t<div class=\"elementor-element elementor-element-10f44a2 e-con-full e-flex e-con e-child\" data-id=\"10f44a2\" data-element_type=\"container\">\n\t\t\t\t<div class=\"elementor-element elementor-element-7d62ca9 elementor-widget elementor-widget-wellson_hero_title\" data-id=\"7d62ca9\" data-element_type=\"widget\" data-widget_type=\"wellson_hero_title.default\">\n\t\t\t\t<div class=\"elementor-widget-container\">\n\t\t\t\t\t    \n\t    \n    <div class=\"sec-title centred wellson-title-wrap\">\n        \t\t<span class=\"sub-title te-bn-subtitle\">Nuestra Misi\u00f3n<\/span>                \t\t<h2 class=\"te-bn-title wellson-size-default\">Servicios de atenci\u00f3n domiciliaria<\/h2>        \t\t        <div class=\"te-bn-text\">\n            <p><p>Mediante la prestaci\u00f3n de cuidados personalizados, as\u00ed como mejorar la calidad de vida de la comunidad a trav\u00e9s de la elaboraci\u00f3n y ejecuci\u00f3n de campa\u00f1as, programas y proyectos sociales, adem\u00e1s del desarrollo de investigaciones que contribuyan al desarrollo del pa\u00eds.<\/p><\/p>\n        <\/div>\n            <\/div>\n    \n    \n        \t\t\t\t<\/div>\n\t\t\t\t<\/div>\n\t\t\t\t<\/div>\n\t\t<div class=\"elementor-element elementor-element-6e0b454 e-con-full e-flex e-con e-child\" data-id=\"6e0b454\" data-element_type=\"container\">\n\t\t\t\t<div class=\"elementor-element elementor-element-285ec85 elementor-widget elementor-widget-wellson_hero_title\" data-id=\"285ec85\" data-element_type=\"widget\" data-widget_type=\"wellson_hero_title.default\">\n\t\t\t\t<div class=\"elementor-widget-container\">\n\t\t\t\t\t    \n\t    \n    <div class=\"sec-title centred wellson-title-wrap\">\n        \t\t<span class=\"sub-title te-bn-subtitle\">Nuestra Visi\u00f3n<\/span>                \t\t<h2 class=\"te-bn-title wellson-size-default\">Calidad de vida para todos<\/h2>        \t\t        <div class=\"te-bn-text\">\n            <p><p>Seremos una empresa que mejorar\u00e1 la calidad de vida de los habitantes de Colombia y contribuir\u00e1 al desarrollo del pa\u00eds, mediante la provisi\u00f3n de servicios de salud multidisciplinarios por contrataci\u00f3n p\u00fablica, privada y a domicilio, campa\u00f1as, programas y proyectos sociales, educaci\u00f3n en salud, proyectos ambientales, investigaci\u00f3n cient\u00edfica, y alianzas nacionales e internacionales con otras entidades p\u00fablicas y privadas.<\/p><\/p>\n        <\/div>\n            <\/div>\n    \n    \n        \t\t\t\t<\/div>\n\t\t\t\t<\/div>\n\t\t\t\t<\/div>\n\t\t\t\t\t<\/div>\n\t\t\t\t<\/div>\n\t\t<div class=\"elementor-element elementor-element-0fed612 e-con-full e-flex e-con e-parent\" data-id=\"0fed612\" data-element_type=\"container\" data-settings=\"{&quot;background_background&quot;:&quot;classic&quot;}\">\n\t\t\t\t<div class=\"elementor-element elementor-element-e064442 elementor-widget elementor-widget-wellson_call_widget\" data-id=\"e064442\" data-element_type=\"widget\" data-widget_type=\"wellson_call_widget.default\">\n\t\t\t\t<div class=\"elementor-widget-container\">\n\t\t\t\t\t    \n        \n    <!-- cta-section -->\n    <section class=\"cta-section wellson-call-widget\">\n        <div class=\"auto-container\">\n            <div class=\"inner-container\">\n                                <div class=\"bg-layer\" style=\"background-image: url(https:\/\/bieca.com.co\/wp-content\/uploads\/2023\/11\/cta-bg.jpg);\"><\/div>\n                                <div class=\"inner-box wellson-author-box\">\n                    <h2 class=\"wellson-author-title\">\u00bfNecesitas ayuda?<\/h2>                                        <ul class=\"info clearfix\">\n                        <li><a href=\"tel:Escribenos (+57) 323 471 7560\" class=\"wellson-author-designation\">Escribenos (+57) 323 471 7560<\/a>,<\/li>                        <li><a href=\"mailto:info@bieca.com.co\" class=\"wellson-author-designation\">info@bieca.com.co<\/a><\/li>                    <\/ul>\n                                    <\/div>\n            <\/div>\n        <\/div>\n    <\/section>\n    <!-- cta-section end -->\n        \n    \t\t\t\t<\/div>\n\t\t\t\t<\/div>\n\t\t\t\t<\/div>\n\t\t<div class=\"elementor-element elementor-element-ac9f738 e-flex e-con-boxed e-con e-parent\" data-id=\"ac9f738\" data-element_type=\"container\" data-settings=\"{&quot;background_background&quot;:&quot;classic&quot;}\">\n\t\t\t\t\t<div class=\"e-con-inner\">\n\t\t<div class=\"elementor-element elementor-element-e048c58 e-con-full e-flex e-con e-child\" data-id=\"e048c58\" data-element_type=\"container\">\n\t\t\t\t<div class=\"elementor-element elementor-element-a2987bd elementor-widget elementor-widget-wellson_hero_title\" data-id=\"a2987bd\" data-element_type=\"widget\" data-widget_type=\"wellson_hero_title.default\">\n\t\t\t\t<div class=\"elementor-widget-container\">\n\t\t\t\t\t    \n\t    \n    <div class=\"sec-title wellson-title-wrap\">\n        \t\t<span class=\"sub-title te-bn-subtitle\">Testimonios<\/span>                \t\t<h2 class=\"te-bn-title wellson-size-default\">Conoce las opiniones de nuestros clientes<\/h2>        \t\t    <\/div>\n        \n        \t\t\t\t<\/div>\n\t\t\t\t<\/div>\n\t\t\t\t<\/div>\n\t\t<div class=\"elementor-element elementor-element-5cb4e43 e-con-full e-flex e-con e-child\" data-id=\"5cb4e43\" data-element_type=\"container\">\n\t\t\t\t<div class=\"elementor-element elementor-element-b142953 elementor-widget elementor-widget-wellson_testimonial_carousel\" data-id=\"b142953\" data-element_type=\"widget\" data-widget_type=\"wellson_testimonial_carousel.default\">\n\t\t\t\t<div class=\"elementor-widget-container\">\n\t\t\t\t\t                \n        <!-- testimonial-section -->\n        <section class=\"testimonial-section p-0 m-0 wellson-testimonial-section\">            \n            <div class=\"two-item-carousel owl-carousel owl-theme wellson-testi-two-item-carousel owl-dots-none owl-nav-none\" data-slider=\"{&quot;infinite&quot;:true,&quot;autoplay&quot;:true,&quot;autoplaySpeed&quot;:&quot;1000&quot;,&quot;dots&quot;:false,&quot;nav&quot;:false,&quot;item_gap&quot;:30,&quot;item_show&quot;:2}\">\n                                <div class=\"testimonial-block-one\">\n                    <div class=\"inner-box\">\n                        <div class=\"text\">\n\t\t\t\t\t\t\t                            <div class=\"quote\"><img decoding=\"async\" src=\"https:\/\/bieca.com.co\/wp-content\/uploads\/2023\/11\/icon-15.png\" alt=\"Awesome Image\"><\/div>\n                            <p>El personal es incre\u00edblemente atento y profesional. Siempre est\u00e1n dispuestos a ir m\u00e1s all\u00e1 para asegurar que ella reciba la mejor atenci\u00f3n posible.&hellip;<\/p>\n                        <\/div>\n                        <div class=\"author-box\">\n                            <figure class=\"author-thumb\"><img decoding=\"async\" width=\"71\" height=\"71\" src=\"https:\/\/bieca.com.co\/wp-content\/uploads\/2023\/11\/testimonial-2.png\" class=\"attachment-wellson_71x71 size-wellson_71x71 wp-post-image\" alt=\"\" \/><\/figure>\n                            <h5>Sandra Lopez<\/h5>\n                            <span class=\"designation\">Asistencia Personal<\/span>\n                        <\/div>\n                    <\/div>\n                <\/div>\n                                <div class=\"testimonial-block-one\">\n                    <div class=\"inner-box\">\n                        <div class=\"text\">\n\t\t\t\t\t\t\t                            <div class=\"quote\"><img decoding=\"async\" src=\"https:\/\/bieca.com.co\/wp-content\/uploads\/2023\/11\/icon-15.png\" alt=\"Awesome Image\"><\/div>\n                            <p>Han sido un verdadero salvavidas para nuestra familia. Nos ayudaron durante un momento muy dif\u00edcil y se encargaron de todos los cuidados necesarios&hellip;<\/p>\n                        <\/div>\n                        <div class=\"author-box\">\n                            <figure class=\"author-thumb\"><img decoding=\"async\" width=\"71\" height=\"71\" src=\"https:\/\/bieca.com.co\/wp-content\/uploads\/2023\/11\/testimonial-1.png\" class=\"attachment-wellson_71x71 size-wellson_71x71 wp-post-image\" alt=\"\" \/><\/figure>\n                            <h5>Mauricio Hern\u00e1ndez<\/h5>\n                            <span class=\"designation\">Cuidados al adulto mayor<\/span>\n                        <\/div>\n                    <\/div>\n                <\/div>\n                                <div class=\"testimonial-block-one\">\n                    <div class=\"inner-box\">\n                        <div class=\"text\">\n\t\t\t\t\t\t\t                            <div class=\"quote\"><img decoding=\"async\" src=\"https:\/\/bieca.com.co\/wp-content\/uploads\/2023\/11\/icon-15.png\" alt=\"Awesome Image\"><\/div>\n                            <p>Estoy sumamente satisfecha con el servicio de atenci\u00f3n domiciliaria que recib\u00ed para mi abuela. Los cuidadores fueron siempre puntuales, respetuosos y muy cari\u00f1osos.&hellip;<\/p>\n                        <\/div>\n                        <div class=\"author-box\">\n                            <figure class=\"author-thumb\"><img decoding=\"async\" width=\"71\" height=\"71\" src=\"https:\/\/bieca.com.co\/wp-content\/uploads\/2023\/11\/ac0f419e977af681516e00829c5393ee-71x71.jpg\" class=\"attachment-wellson_71x71 size-wellson_71x71 wp-post-image\" alt=\"\" srcset=\"https:\/\/bieca.com.co\/wp-content\/uploads\/2023\/11\/ac0f419e977af681516e00829c5393ee-71x71.jpg 71w, https:\/\/bieca.com.co\/wp-content\/uploads\/2023\/11\/ac0f419e977af681516e00829c5393ee-150x150.jpg 150w, https:\/\/bieca.com.co\/wp-content\/uploads\/2023\/11\/ac0f419e977af681516e00829c5393ee.jpg 236w\" sizes=\"(max-width: 71px) 100vw, 71px\" \/><\/figure>\n                            <h5>Sara Piedrahita<\/h5>\n                            <span class=\"designation\">Atenci\u00f3n Domiciliaria<\/span>\n                        <\/div>\n                    <\/div>\n                <\/div>\n                            <\/div>\n        <\/section>\n        <!-- testimonial-section end -->\n        \n        \t\t\t\t<\/div>\n\t\t\t\t<\/div>\n\t\t\t\t<\/div>\n\t\t\t\t\t<\/div>\n\t\t\t\t<\/div>\n\t\t\t\t<\/div>\n\t\t","protected":false},"excerpt":{"rendered":"<p>5 A\u00f1os de experiencia \u00bfQuienes somos? Servicios de salud y cuidado integral Ofrecemos servicios de salud y cuidado integral, incluyendo cuidado en casa, hospitalario, acompa\u00f1amiento psicosocial, proyectos sociales, acompa\u00f1amiento a poblaciones vulnerables y salud mental. Nuestro enfoque se centra en proporcionar soluciones personalizadas y de alta calidad que mejoran el bienestar individual y comunitario.\u00a0 Trabajamos [&hellip;]<\/p>\n","protected":false},"author":1,"featured_media":0,"parent":0,"menu_order":0,"comment_status":"closed","ping_status":"closed","template":"tpl-default-elementor.php","meta":{"footnotes":""},"class_list":["post-40","page","type-page","status-publish","hentry"],"_links":{"self":[{"href":"https:\/\/bieca.com.co\/index.php?rest_route=\/wp\/v2\/pages\/40","targetHints":{"allow":["GET"]}}],"collection":[{"href":"https:\/\/bieca.com.co\/index.php?rest_route=\/wp\/v2\/pages"}],"about":[{"href":"https:\/\/bieca.com.co\/index.php?rest_route=\/wp\/v2\/types\/page"}],"author":[{"embeddable":true,"href":"https:\/\/bieca.com.co\/index.php?rest_route=\/wp\/v2\/users\/1"}],"replies":[{"embeddable":true,"href":"https:\/\/bieca.com.co\/index.php?rest_route=%2Fwp%2Fv2%2Fcomments&post=40"}],"version-history":[{"count":15,"href":"https:\/\/bieca.com.co\/index.php?rest_route=\/wp\/v2\/pages\/40\/revisions"}],"predecessor-version":[{"id":3152,"href":"https:\/\/bieca.com.co\/index.php?rest_route=\/wp\/v2\/pages\/40\/revisions\/3152"}],"wp:attachment":[{"href":"https:\/\/bieca.com.co\/index.php?rest_route=%2Fwp%2Fv2%2Fmedia&parent=40"}],"curies":[{"name":"wp","href":"https:\/\/api.w.org\/{rel}","templated":true}]}}