{"id":185,"date":"2023-11-03T07:58:24","date_gmt":"2023-11-03T07:58:24","guid":{"rendered":"https:\/\/wp1.themevibrant.com\/newwp\/wellson\/?page_id=185"},"modified":"2024-11-14T03:51:26","modified_gmt":"2024-11-14T03:51:26","slug":"testimonios","status":"publish","type":"page","link":"https:\/\/bieca.com.co\/?page_id=185","title":{"rendered":"Testimonios"},"content":{"rendered":"\t\t<div data-elementor-type=\"wp-page\" data-elementor-id=\"185\" class=\"elementor elementor-185\">\n\t\t\t\t<div class=\"elementor-element elementor-element-090b0d1 e-flex e-con-boxed e-con e-parent\" data-id=\"090b0d1\" data-element_type=\"container\" data-settings=\"{&quot;background_background&quot;:&quot;classic&quot;}\">\n\t\t\t\t\t<div class=\"e-con-inner\">\n\t\t<div class=\"elementor-element elementor-element-06b4890 e-con-full e-flex e-con e-child\" data-id=\"06b4890\" data-element_type=\"container\">\n\t\t\t\t<div class=\"elementor-element elementor-element-90c472f elementor-widget elementor-widget-wellson_hero_title\" data-id=\"90c472f\" data-element_type=\"widget\" data-widget_type=\"wellson_hero_title.default\">\n\t\t\t\t<div class=\"elementor-widget-container\">\n\t\t\t\t\t    \n\t    \n    <div class=\"sec-title centred wellson-title-wrap\">\n        \t\t<span class=\"sub-title te-bn-subtitle\">Testimonios<\/span>                \t\t<h2 class=\"te-bn-title wellson-size-default\">\u00bfQue dicen nuestros clientes?<\/h2>        \t\t    <\/div>\n    \n    \n        \t\t\t\t<\/div>\n\t\t\t\t<\/div>\n\t\t\t\t<\/div>\n\t\t<div class=\"elementor-element elementor-element-8bb086c e-con-full e-flex e-con e-child\" data-id=\"8bb086c\" data-element_type=\"container\">\n\t\t\t\t<div class=\"elementor-element elementor-element-3aee962 elementor-widget elementor-widget-wellson_testimonial_grid\" data-id=\"3aee962\" data-element_type=\"widget\" data-widget_type=\"wellson_testimonial_grid.default\">\n\t\t\t\t<div class=\"elementor-widget-container\">\n\t\t\t\t\t                \r\n        <!-- testimonial-section -->\r\n        <section class=\"testimonial-page-section p-0 m-0 wellson-testimonial-section\">\r\n            <div class=\"row clearfix\">\r\n            \t                <div class=\"col-lg-4 col-md-6 col-sm-12 testimonial-block\">                    \r\n                    <div class=\"testimonial-block-one\">\r\n                        <div class=\"inner-box\">\r\n                        \t<div class=\"text\">\r\n                                                                <div class=\"quote\"><img decoding=\"async\" src=\"https:\/\/bieca.com.co\/wp-content\/uploads\/2023\/11\/icon-15.png\" alt=\"Awesome Image\"><\/div>\r\n                                <p>El personal es incre\u00edblemente atento y profesional. Siempre est\u00e1n dispuestos a ir m\u00e1s all\u00e1 para asegurar que ella reciba la mejor atenci\u00f3n posible.&hellip;<\/p>\r\n                            <\/div>\r\n                            <div class=\"author-box\">\r\n                                <figure class=\"author-thumb\"><img decoding=\"async\" width=\"71\" height=\"71\" src=\"https:\/\/bieca.com.co\/wp-content\/uploads\/2023\/11\/testimonial-2.png\" class=\"attachment-wellson_71x71 size-wellson_71x71 wp-post-image\" alt=\"\" \/><\/figure>\r\n                                <h5>Sandra Lopez<\/h5>\r\n                                <span class=\"designation\">Asistencia Personal<\/span>\r\n                            <\/div>                        \r\n                    \t<\/div>\r\n                    <\/div>                    \r\n            \t<\/div>\r\n                                <div class=\"col-lg-4 col-md-6 col-sm-12 testimonial-block\">                    \r\n                    <div class=\"testimonial-block-one\">\r\n                        <div class=\"inner-box\">\r\n                        \t<div class=\"text\">\r\n                                                                <div class=\"quote\"><img decoding=\"async\" src=\"https:\/\/bieca.com.co\/wp-content\/uploads\/2023\/11\/icon-15.png\" alt=\"Awesome Image\"><\/div>\r\n                                <p>Han sido un verdadero salvavidas para nuestra familia. Nos ayudaron durante un momento muy dif\u00edcil y se encargaron de todos los cuidados necesarios&hellip;<\/p>\r\n                            <\/div>\r\n                            <div class=\"author-box\">\r\n                                <figure class=\"author-thumb\"><img decoding=\"async\" width=\"71\" height=\"71\" src=\"https:\/\/bieca.com.co\/wp-content\/uploads\/2023\/11\/testimonial-1.png\" class=\"attachment-wellson_71x71 size-wellson_71x71 wp-post-image\" alt=\"\" \/><\/figure>\r\n                                <h5>Mauricio Hern\u00e1ndez<\/h5>\r\n                                <span class=\"designation\">Cuidados al adulto mayor<\/span>\r\n                            <\/div>                        \r\n                    \t<\/div>\r\n                    <\/div>                    \r\n            \t<\/div>\r\n                                <div class=\"col-lg-4 col-md-6 col-sm-12 testimonial-block\">                    \r\n                    <div class=\"testimonial-block-one\">\r\n                        <div class=\"inner-box\">\r\n                        \t<div class=\"text\">\r\n                                                                <div class=\"quote\"><img decoding=\"async\" src=\"https:\/\/bieca.com.co\/wp-content\/uploads\/2023\/11\/icon-15.png\" alt=\"Awesome Image\"><\/div>\r\n                                <p>Estoy sumamente satisfecha con el servicio de atenci\u00f3n domiciliaria que recib\u00ed para mi abuela. Los cuidadores fueron siempre puntuales, respetuosos y muy cari\u00f1osos.&hellip;<\/p>\r\n                            <\/div>\r\n                            <div class=\"author-box\">\r\n                                <figure class=\"author-thumb\"><img decoding=\"async\" width=\"71\" height=\"71\" src=\"https:\/\/bieca.com.co\/wp-content\/uploads\/2023\/11\/ac0f419e977af681516e00829c5393ee-71x71.jpg\" class=\"attachment-wellson_71x71 size-wellson_71x71 wp-post-image\" alt=\"\" srcset=\"https:\/\/bieca.com.co\/wp-content\/uploads\/2023\/11\/ac0f419e977af681516e00829c5393ee-71x71.jpg 71w, https:\/\/bieca.com.co\/wp-content\/uploads\/2023\/11\/ac0f419e977af681516e00829c5393ee-150x150.jpg 150w, https:\/\/bieca.com.co\/wp-content\/uploads\/2023\/11\/ac0f419e977af681516e00829c5393ee.jpg 236w\" sizes=\"(max-width: 71px) 100vw, 71px\" \/><\/figure>\r\n                                <h5>Sara Piedrahita<\/h5>\r\n                                <span class=\"designation\">Atenci\u00f3n Domiciliaria<\/span>\r\n                            <\/div>                        \r\n                    \t<\/div>\r\n                    <\/div>                    \r\n            \t<\/div>\r\n                                <div class=\"col-lg-4 col-md-6 col-sm-12 testimonial-block\">                    \r\n                    <div class=\"testimonial-block-one\">\r\n                        <div class=\"inner-box\">\r\n                        \t<div class=\"text\">\r\n                                                                <div class=\"quote\"><img decoding=\"async\" src=\"https:\/\/bieca.com.co\/wp-content\/uploads\/2023\/11\/icon-15.png\" alt=\"Awesome Image\"><\/div>\r\n                                <p>\"El servicio de atenci\u00f3n domiciliaria ha sido excepcional. Mi t\u00eda ha recibido un cuidado excelente y se siente muy c\u00f3moda y atendida. El&hellip;<\/p>\r\n                            <\/div>\r\n                            <div class=\"author-box\">\r\n                                <figure class=\"author-thumb\"><img decoding=\"async\" width=\"71\" height=\"71\" src=\"https:\/\/bieca.com.co\/wp-content\/uploads\/2023\/11\/ac0f419e977af681516e00829c5393ee-71x71.jpg\" class=\"attachment-wellson_71x71 size-wellson_71x71 wp-post-image\" alt=\"\" srcset=\"https:\/\/bieca.com.co\/wp-content\/uploads\/2023\/11\/ac0f419e977af681516e00829c5393ee-71x71.jpg 71w, https:\/\/bieca.com.co\/wp-content\/uploads\/2023\/11\/ac0f419e977af681516e00829c5393ee-150x150.jpg 150w, https:\/\/bieca.com.co\/wp-content\/uploads\/2023\/11\/ac0f419e977af681516e00829c5393ee.jpg 236w\" sizes=\"(max-width: 71px) 100vw, 71px\" \/><\/figure>\r\n                                <h5>Elizabeth Garc\u00eda<\/h5>\r\n                                <span class=\"designation\">Atenci\u00f3n Domiciliaria<\/span>\r\n                            <\/div>                        \r\n                    \t<\/div>\r\n                    <\/div>                    \r\n            \t<\/div>\r\n                                <div class=\"col-lg-4 col-md-6 col-sm-12 testimonial-block\">                    \r\n                    <div class=\"testimonial-block-one\">\r\n                        <div class=\"inner-box\">\r\n                        \t<div class=\"text\">\r\n                                                                <div class=\"quote\"><img decoding=\"async\" src=\"https:\/\/bieca.com.co\/wp-content\/uploads\/2023\/11\/icon-15.png\" alt=\"Awesome Image\"><\/div>\r\n                                <p>Mi madre ha recibido un cuidado excelente y se siente muy c\u00f3moda en casa. Estoy muy agradecida por la calidad del servicio y&hellip;<\/p>\r\n                            <\/div>\r\n                            <div class=\"author-box\">\r\n                                <figure class=\"author-thumb\"><img decoding=\"async\" width=\"71\" height=\"71\" src=\"https:\/\/bieca.com.co\/wp-content\/uploads\/2023\/11\/ac0f419e977af681516e00829c5393ee-71x71.jpg\" class=\"attachment-wellson_71x71 size-wellson_71x71 wp-post-image\" alt=\"\" srcset=\"https:\/\/bieca.com.co\/wp-content\/uploads\/2023\/11\/ac0f419e977af681516e00829c5393ee-71x71.jpg 71w, https:\/\/bieca.com.co\/wp-content\/uploads\/2023\/11\/ac0f419e977af681516e00829c5393ee-150x150.jpg 150w, https:\/\/bieca.com.co\/wp-content\/uploads\/2023\/11\/ac0f419e977af681516e00829c5393ee.jpg 236w\" sizes=\"(max-width: 71px) 100vw, 71px\" \/><\/figure>\r\n                                <h5>Mar\u00eda Berrio<\/h5>\r\n                                <span class=\"designation\">Enfermer\u00eda Especializada<\/span>\r\n                            <\/div>                        \r\n                    \t<\/div>\r\n                    <\/div>                    \r\n            \t<\/div>\r\n                            <\/div>\r\n        <\/section>\r\n        \r\n        \t\t\t\t<\/div>\n\t\t\t\t<\/div>\n\t\t\t\t<\/div>\n\t\t\t\t\t<\/div>\n\t\t\t\t<\/div>\n\t\t\t\t<\/div>\n\t\t","protected":false},"excerpt":{"rendered":"<p>Testimonios \u00bfQue dicen nuestros clientes? El personal es incre\u00edblemente atento y profesional. Siempre est\u00e1n dispuestos a ir m\u00e1s all\u00e1 para asegurar que ella reciba la mejor atenci\u00f3n posible.&hellip; Sandra Lopez Customer Han sido un verdadero salvavidas para nuestra familia. Nos ayudaron durante un momento muy dif\u00edcil y se encargaron de todos los cuidados necesarios&hellip; Mauricio [&hellip;]<\/p>\n","protected":false},"author":1,"featured_media":0,"parent":0,"menu_order":0,"comment_status":"closed","ping_status":"closed","template":"tpl-default-elementor.php","meta":{"footnotes":""},"class_list":["post-185","page","type-page","status-publish","hentry"],"_links":{"self":[{"href":"https:\/\/bieca.com.co\/index.php?rest_route=\/wp\/v2\/pages\/185","targetHints":{"allow":["GET"]}}],"collection":[{"href":"https:\/\/bieca.com.co\/index.php?rest_route=\/wp\/v2\/pages"}],"about":[{"href":"https:\/\/bieca.com.co\/index.php?rest_route=\/wp\/v2\/types\/page"}],"author":[{"embeddable":true,"href":"https:\/\/bieca.com.co\/index.php?rest_route=\/wp\/v2\/users\/1"}],"replies":[{"embeddable":true,"href":"https:\/\/bieca.com.co\/index.php?rest_route=%2Fwp%2Fv2%2Fcomments&post=185"}],"version-history":[{"count":5,"href":"https:\/\/bieca.com.co\/index.php?rest_route=\/wp\/v2\/pages\/185\/revisions"}],"predecessor-version":[{"id":3057,"href":"https:\/\/bieca.com.co\/index.php?rest_route=\/wp\/v2\/pages\/185\/revisions\/3057"}],"wp:attachment":[{"href":"https:\/\/bieca.com.co\/index.php?rest_route=%2Fwp%2Fv2%2Fmedia&parent=185"}],"curies":[{"name":"wp","href":"https:\/\/api.w.org\/{rel}","templated":true}]}}